{"id":397,"date":"2026-01-10T19:26:23","date_gmt":"2026-01-10T19:26:23","guid":{"rendered":"http:\/\/tapissier-decorateur-varces.fr\/?page_id=397"},"modified":"2026-02-28T09:49:06","modified_gmt":"2026-02-28T09:49:06","slug":"fauteuil-voltaire","status":"publish","type":"page","link":"http:\/\/tapissier-decorateur-varces.fr\/?page_id=397","title":{"rendered":"Fauteuil Voltaire"},"content":{"rendered":"\t\t<div data-elementor-type=\"wp-page\" data-elementor-id=\"397\" class=\"elementor elementor-397\">\n\t\t\t\t<div class=\"elementor-element elementor-element-e605361 e-con-full e-flex e-con e-parent\" data-id=\"e605361\" data-element_type=\"container\" data-e-type=\"container\">\n\t\t\t\t<div class=\"elementor-element elementor-element-2235238 elementor-mobile-align-left elementor-absolute elementor-widget elementor-widget-button\" data-id=\"2235238\" data-element_type=\"widget\" data-e-type=\"widget\" data-settings=\"{&quot;_position&quot;:&quot;absolute&quot;}\" data-widget_type=\"button.default\">\n\t\t\t\t\t\t\t\t\t\t<a class=\"elementor-button elementor-button-link elementor-size-sm elementor-animation-grow\" href=\"http:\/\/tapissier-decorateur-varces.fr\/?page_id=260\">\n\t\t\t\t\t\t<span class=\"elementor-button-content-wrapper\">\n\t\t\t\t\t\t\t\t\t<span class=\"elementor-button-text\">Accueil<\/span>\n\t\t\t\t\t<\/span>\n\t\t\t\t\t<\/a>\n\t\t\t\t\t\t\t\t<\/div>\n\t\t\t\t<div class=\"elementor-element elementor-element-388b24b elementor-mobile-align-center elementor-widget-mobile__width-initial elementor-absolute elementor-button-info elementor-widget elementor-widget-button\" data-id=\"388b24b\" data-element_type=\"widget\" data-e-type=\"widget\" data-settings=\"{&quot;_position&quot;:&quot;absolute&quot;}\" data-widget_type=\"button.default\">\n\t\t\t\t\t\t\t\t\t\t<a class=\"elementor-button elementor-button-link elementor-size-sm elementor-animation-grow\" href=\"http:\/\/tapissier-decorateur-varces.fr\/?page_id=879\">\n\t\t\t\t\t\t<span class=\"elementor-button-content-wrapper\">\n\t\t\t\t\t\t\t\t\t<span class=\"elementor-button-text\">Tarifs<\/span>\n\t\t\t\t\t<\/span>\n\t\t\t\t\t<\/a>\n\t\t\t\t\t\t\t\t<\/div>\n\t\t\t\t<div class=\"elementor-element elementor-element-712bc7b elementor-mobile-align-center elementor-widget-mobile__width-initial elementor-absolute elementor-button-info elementor-widget elementor-widget-button\" data-id=\"712bc7b\" data-element_type=\"widget\" data-e-type=\"widget\" data-settings=\"{&quot;_position&quot;:&quot;absolute&quot;}\" data-widget_type=\"button.default\">\n\t\t\t\t\t\t\t\t\t\t<a class=\"elementor-button elementor-button-link elementor-size-sm elementor-animation-grow\" href=\"http:\/\/tapissier-decorateur-varces.fr\/?page_id=190\">\n\t\t\t\t\t\t<span class=\"elementor-button-content-wrapper\">\n\t\t\t\t\t\t\t\t\t<span class=\"elementor-button-text\">Actu<\/span>\n\t\t\t\t\t<\/span>\n\t\t\t\t\t<\/a>\n\t\t\t\t\t\t\t\t<\/div>\n\t\t\t\t<div class=\"elementor-element elementor-element-f162050 elementor-mobile-align-center elementor-widget-mobile__width-initial elementor-absolute elementor-button-info elementor-widget__width-auto elementor-widget elementor-widget-button\" data-id=\"f162050\" data-element_type=\"widget\" data-e-type=\"widget\" data-settings=\"{&quot;_position&quot;:&quot;absolute&quot;}\" data-widget_type=\"button.default\">\n\t\t\t\t\t\t\t\t\t\t<a class=\"elementor-button elementor-button-link elementor-size-sm elementor-animation-grow\" href=\"http:\/\/tapissier-decorateur-varces.fr\/?page_id=1465\">\n\t\t\t\t\t\t<span class=\"elementor-button-content-wrapper\">\n\t\t\t\t\t\t\t\t\t<span class=\"elementor-button-text\">Contact<\/span>\n\t\t\t\t\t<\/span>\n\t\t\t\t\t<\/a>\n\t\t\t\t\t\t\t\t<\/div>\n\t\t\t\t<\/div>\n\t\t<div class=\"elementor-element elementor-element-f984863 e-con-full e-flex e-con e-parent\" data-id=\"f984863\" data-element_type=\"container\" data-e-type=\"container\" id=\"haut\">\n\t\t\t\t<div class=\"elementor-element elementor-element-fc19d3c elementor-widget-mobile__width-initial elementor-widget__width-initial elementor-widget elementor-widget-text-editor\" data-id=\"fc19d3c\" data-element_type=\"widget\" data-e-type=\"widget\" data-widget_type=\"text-editor.default\">\n\t\t\t\t\t\t\t\t\t<h4><b>Le fauteuil Voltaire<\/b><\/h4><h6><b><\/b>Rien ne prouve que Voltaire en ait jamais poss\u00e9d\u00e9 un &#8230; mais ce fauteuil symbolisait l&rsquo;\u00e9l\u00e9gance et le confort dans les salons o\u00f9 conversaient les Lumi\u00e8res .<br \/>Au plaisir de vous \u00e9clairer !<\/h6>\t\t\t\t\t\t\t\t<\/div>\n\t\t\t\t<\/div>\n\t\t<div class=\"elementor-element elementor-element-86525ff e-grid e-con-full e-con e-parent\" data-id=\"86525ff\" data-element_type=\"container\" data-e-type=\"container\" data-settings=\"{&quot;background_background&quot;:&quot;classic&quot;}\">\n\t\t\t\t<div class=\"elementor-element elementor-element-86c01e0 elementor-widget elementor-widget-image\" data-id=\"86c01e0\" data-element_type=\"widget\" data-e-type=\"widget\" data-widget_type=\"image.default\">\n\t\t\t\t\t\t\t\t\t\t\t\t\t\t\t<img decoding=\"async\" width=\"161\" height=\"300\" src=\"http:\/\/tapissier-decorateur-varces.fr\/wp-content\/uploads\/2026\/01\/IMG_7573-161x300.webp\" class=\"elementor-animation-grow attachment-medium size-medium wp-image-304\" alt=\"\" srcset=\"http:\/\/tapissier-decorateur-varces.fr\/wp-content\/uploads\/2026\/01\/IMG_7573-161x300.webp 161w, http:\/\/tapissier-decorateur-varces.fr\/wp-content\/uploads\/2026\/01\/IMG_7573.webp 344w\" sizes=\"(max-width: 161px) 100vw, 161px\" \/>\t\t\t\t\t\t\t\t\t\t\t\t\t\t\t<\/div>\n\t\t\t\t<div class=\"elementor-element elementor-element-30cb634 elementor-widget elementor-widget-image\" data-id=\"30cb634\" data-element_type=\"widget\" data-e-type=\"widget\" data-widget_type=\"image.default\">\n\t\t\t\t\t\t\t\t\t\t\t\t\t\t\t<img fetchpriority=\"high\" decoding=\"async\" width=\"300\" height=\"225\" src=\"http:\/\/tapissier-decorateur-varces.fr\/wp-content\/uploads\/2025\/12\/IMG_5895-1-300x225.jpeg\" class=\"elementor-animation-grow attachment-medium size-medium wp-image-229\" alt=\"\" srcset=\"http:\/\/tapissier-decorateur-varces.fr\/wp-content\/uploads\/2025\/12\/IMG_5895-1-300x225.jpeg 300w, http:\/\/tapissier-decorateur-varces.fr\/wp-content\/uploads\/2025\/12\/IMG_5895-1-1024x768.jpeg 1024w, http:\/\/tapissier-decorateur-varces.fr\/wp-content\/uploads\/2025\/12\/IMG_5895-1-768x576.jpeg 768w, http:\/\/tapissier-decorateur-varces.fr\/wp-content\/uploads\/2025\/12\/IMG_5895-1-1536x1152.jpeg 1536w, http:\/\/tapissier-decorateur-varces.fr\/wp-content\/uploads\/2025\/12\/IMG_5895-1-2048x1536.jpeg 2048w, http:\/\/tapissier-decorateur-varces.fr\/wp-content\/uploads\/2025\/12\/IMG_5895-1-scaled-e1768806076813.jpeg 400w\" sizes=\"(max-width: 300px) 100vw, 300px\" \/>\t\t\t\t\t\t\t\t\t\t\t\t\t\t\t<\/div>\n\t\t\t\t<div class=\"elementor-element elementor-element-cf42f0a elementor-widget elementor-widget-image\" data-id=\"cf42f0a\" data-element_type=\"widget\" data-e-type=\"widget\" data-widget_type=\"image.default\">\n\t\t\t\t\t\t\t\t\t\t\t\t\t\t\t<img decoding=\"async\" width=\"225\" height=\"300\" src=\"http:\/\/tapissier-decorateur-varces.fr\/wp-content\/uploads\/2025\/12\/IMG_8423-225x300.jpeg\" class=\"elementor-animation-grow attachment-medium size-medium wp-image-222\" alt=\"\" srcset=\"http:\/\/tapissier-decorateur-varces.fr\/wp-content\/uploads\/2025\/12\/IMG_8423-225x300.jpeg 225w, http:\/\/tapissier-decorateur-varces.fr\/wp-content\/uploads\/2025\/12\/IMG_8423-768x1024.jpeg 768w, http:\/\/tapissier-decorateur-varces.fr\/wp-content\/uploads\/2025\/12\/IMG_8423-1152x1536.jpeg 1152w, http:\/\/tapissier-decorateur-varces.fr\/wp-content\/uploads\/2025\/12\/IMG_8423-1536x2048.jpeg 1536w, http:\/\/tapissier-decorateur-varces.fr\/wp-content\/uploads\/2025\/12\/IMG_8423-scaled.jpeg 1920w\" sizes=\"(max-width: 225px) 100vw, 225px\" \/>\t\t\t\t\t\t\t\t\t\t\t\t\t\t\t<\/div>\n\t\t\t\t<div class=\"elementor-element elementor-element-bf09368 elementor-widget elementor-widget-image\" data-id=\"bf09368\" data-element_type=\"widget\" data-e-type=\"widget\" data-widget_type=\"image.default\">\n\t\t\t\t\t\t\t\t\t\t\t\t\t\t\t<img loading=\"lazy\" decoding=\"async\" width=\"225\" height=\"300\" src=\"http:\/\/tapissier-decorateur-varces.fr\/wp-content\/uploads\/2025\/12\/IMG_3339-225x300.jpeg\" class=\"elementor-animation-grow attachment-medium size-medium wp-image-197\" alt=\"\" srcset=\"http:\/\/tapissier-decorateur-varces.fr\/wp-content\/uploads\/2025\/12\/IMG_3339-225x300.jpeg 225w, http:\/\/tapissier-decorateur-varces.fr\/wp-content\/uploads\/2025\/12\/IMG_3339-768x1024.jpeg 768w, http:\/\/tapissier-decorateur-varces.fr\/wp-content\/uploads\/2025\/12\/IMG_3339-1152x1536.jpeg 1152w, http:\/\/tapissier-decorateur-varces.fr\/wp-content\/uploads\/2025\/12\/IMG_3339-1536x2048.jpeg 1536w, http:\/\/tapissier-decorateur-varces.fr\/wp-content\/uploads\/2025\/12\/IMG_3339-scaled.jpeg 1920w\" sizes=\"(max-width: 225px) 100vw, 225px\" \/>\t\t\t\t\t\t\t\t\t\t\t\t\t\t\t<\/div>\n\t\t\t\t<div class=\"elementor-element elementor-element-e9bb86d elementor-widget elementor-widget-image\" data-id=\"e9bb86d\" data-element_type=\"widget\" data-e-type=\"widget\" data-widget_type=\"image.default\">\n\t\t\t\t\t\t\t\t\t\t\t\t\t\t\t<img loading=\"lazy\" decoding=\"async\" width=\"225\" height=\"300\" src=\"http:\/\/tapissier-decorateur-varces.fr\/wp-content\/uploads\/2025\/12\/IMG_7189-225x300.jpg\" class=\"elementor-animation-grow attachment-medium size-medium wp-image-171\" alt=\"\" srcset=\"http:\/\/tapissier-decorateur-varces.fr\/wp-content\/uploads\/2025\/12\/IMG_7189-225x300.jpg 225w, http:\/\/tapissier-decorateur-varces.fr\/wp-content\/uploads\/2025\/12\/IMG_7189-768x1024.jpg 768w, http:\/\/tapissier-decorateur-varces.fr\/wp-content\/uploads\/2025\/12\/IMG_7189-1152x1536.jpg 1152w, http:\/\/tapissier-decorateur-varces.fr\/wp-content\/uploads\/2025\/12\/IMG_7189-rotated.jpg 1512w\" sizes=\"(max-width: 225px) 100vw, 225px\" \/>\t\t\t\t\t\t\t\t\t\t\t\t\t\t\t<\/div>\n\t\t\t\t<div class=\"elementor-element elementor-element-5ea55b2 elementor-widget elementor-widget-image\" data-id=\"5ea55b2\" data-element_type=\"widget\" data-e-type=\"widget\" data-widget_type=\"image.default\">\n\t\t\t\t\t\t\t\t\t\t\t\t\t\t\t<img loading=\"lazy\" decoding=\"async\" width=\"225\" height=\"300\" src=\"http:\/\/tapissier-decorateur-varces.fr\/wp-content\/uploads\/2025\/12\/IMG_3062-225x300.jpeg\" class=\"attachment-medium size-medium wp-image-194\" alt=\"\" srcset=\"http:\/\/tapissier-decorateur-varces.fr\/wp-content\/uploads\/2025\/12\/IMG_3062-225x300.jpeg 225w, http:\/\/tapissier-decorateur-varces.fr\/wp-content\/uploads\/2025\/12\/IMG_3062-768x1024.jpeg 768w, http:\/\/tapissier-decorateur-varces.fr\/wp-content\/uploads\/2025\/12\/IMG_3062-1152x1536.jpeg 1152w, http:\/\/tapissier-decorateur-varces.fr\/wp-content\/uploads\/2025\/12\/IMG_3062-1536x2048.jpeg 1536w, http:\/\/tapissier-decorateur-varces.fr\/wp-content\/uploads\/2025\/12\/IMG_3062-scaled.jpeg 1920w\" sizes=\"(max-width: 225px) 100vw, 225px\" \/>\t\t\t\t\t\t\t\t\t\t\t\t\t\t\t<\/div>\n\t\t\t\t<div class=\"elementor-element elementor-element-e231a23 elementor-widget elementor-widget-image\" data-id=\"e231a23\" data-element_type=\"widget\" data-e-type=\"widget\" data-widget_type=\"image.default\">\n\t\t\t\t\t\t\t\t\t\t\t\t\t\t\t<img loading=\"lazy\" decoding=\"async\" width=\"300\" height=\"225\" src=\"http:\/\/tapissier-decorateur-varces.fr\/wp-content\/uploads\/2025\/12\/IMG_7575-300x225.jpeg\" class=\"attachment-medium size-medium wp-image-122\" alt=\"\" srcset=\"http:\/\/tapissier-decorateur-varces.fr\/wp-content\/uploads\/2025\/12\/IMG_7575-300x225.jpeg 300w, http:\/\/tapissier-decorateur-varces.fr\/wp-content\/uploads\/2025\/12\/IMG_7575.jpeg 640w\" sizes=\"(max-width: 300px) 100vw, 300px\" \/>\t\t\t\t\t\t\t\t\t\t\t\t\t\t\t<\/div>\n\t\t\t\t<div class=\"elementor-element elementor-element-7fff8ce elementor-widget elementor-widget-image\" data-id=\"7fff8ce\" data-element_type=\"widget\" data-e-type=\"widget\" data-widget_type=\"image.default\">\n\t\t\t\t\t\t\t\t\t\t\t\t\t\t\t<img loading=\"lazy\" decoding=\"async\" width=\"225\" height=\"300\" src=\"http:\/\/tapissier-decorateur-varces.fr\/wp-content\/uploads\/2025\/12\/IMG_5686-225x300.jpg\" class=\"attachment-medium size-medium wp-image-168\" alt=\"\" srcset=\"http:\/\/tapissier-decorateur-varces.fr\/wp-content\/uploads\/2025\/12\/IMG_5686-225x300.jpg 225w, http:\/\/tapissier-decorateur-varces.fr\/wp-content\/uploads\/2025\/12\/IMG_5686-768x1024.jpg 768w, http:\/\/tapissier-decorateur-varces.fr\/wp-content\/uploads\/2025\/12\/IMG_5686-1152x1536.jpg 1152w, http:\/\/tapissier-decorateur-varces.fr\/wp-content\/uploads\/2025\/12\/IMG_5686-rotated.jpg 1512w\" sizes=\"(max-width: 225px) 100vw, 225px\" \/>\t\t\t\t\t\t\t\t\t\t\t\t\t\t\t<\/div>\n\t\t\t\t<div class=\"elementor-element elementor-element-0155e7a elementor-widget elementor-widget-image\" data-id=\"0155e7a\" data-element_type=\"widget\" data-e-type=\"widget\" data-widget_type=\"image.default\">\n\t\t\t\t\t\t\t\t\t\t\t\t\t\t\t<img loading=\"lazy\" decoding=\"async\" width=\"300\" height=\"225\" src=\"http:\/\/tapissier-decorateur-varces.fr\/wp-content\/uploads\/2025\/12\/IMG_7190-300x225.jpeg\" class=\"elementor-animation-grow attachment-medium size-medium wp-image-111\" alt=\"\" srcset=\"http:\/\/tapissier-decorateur-varces.fr\/wp-content\/uploads\/2025\/12\/IMG_7190-300x225.jpeg 300w, http:\/\/tapissier-decorateur-varces.fr\/wp-content\/uploads\/2025\/12\/IMG_7190.jpeg 640w\" sizes=\"(max-width: 300px) 100vw, 300px\" \/>\t\t\t\t\t\t\t\t\t\t\t\t\t\t\t<\/div>\n\t\t\t\t<div class=\"elementor-element elementor-element-f58c388 elementor-widget elementor-widget-image\" data-id=\"f58c388\" data-element_type=\"widget\" data-e-type=\"widget\" data-widget_type=\"image.default\">\n\t\t\t\t\t\t\t\t\t\t\t\t\t\t\t<img loading=\"lazy\" decoding=\"async\" width=\"225\" height=\"300\" src=\"http:\/\/tapissier-decorateur-varces.fr\/wp-content\/uploads\/2025\/12\/IMG_4789-225x300.jpeg\" class=\"attachment-medium size-medium wp-image-86\" alt=\"\" srcset=\"http:\/\/tapissier-decorateur-varces.fr\/wp-content\/uploads\/2025\/12\/IMG_4789-225x300.jpeg 225w, http:\/\/tapissier-decorateur-varces.fr\/wp-content\/uploads\/2025\/12\/IMG_4789.jpeg 480w\" sizes=\"(max-width: 225px) 100vw, 225px\" \/>\t\t\t\t\t\t\t\t\t\t\t\t\t\t\t<\/div>\n\t\t\t\t<div class=\"elementor-element elementor-element-cb7cb34 elementor-widget elementor-widget-image\" data-id=\"cb7cb34\" data-element_type=\"widget\" data-e-type=\"widget\" data-widget_type=\"image.default\">\n\t\t\t\t\t\t\t\t\t\t\t\t\t\t\t<img loading=\"lazy\" decoding=\"async\" width=\"225\" height=\"300\" src=\"http:\/\/tapissier-decorateur-varces.fr\/wp-content\/uploads\/2025\/12\/67259833620__4114225F-2009-4563-B1D4-4477562F355C-225x300.jpeg\" class=\"attachment-medium size-medium wp-image-75\" alt=\"\" srcset=\"http:\/\/tapissier-decorateur-varces.fr\/wp-content\/uploads\/2025\/12\/67259833620__4114225F-2009-4563-B1D4-4477562F355C-225x300.jpeg 225w, http:\/\/tapissier-decorateur-varces.fr\/wp-content\/uploads\/2025\/12\/67259833620__4114225F-2009-4563-B1D4-4477562F355C.jpeg 480w\" sizes=\"(max-width: 225px) 100vw, 225px\" \/>\t\t\t\t\t\t\t\t\t\t\t\t\t\t\t<\/div>\n\t\t\t\t<div class=\"elementor-element elementor-element-4538659 elementor-widget elementor-widget-image\" data-id=\"4538659\" data-element_type=\"widget\" data-e-type=\"widget\" data-widget_type=\"image.default\">\n\t\t\t\t\t\t\t\t\t\t\t\t\t\t\t<img loading=\"lazy\" decoding=\"async\" width=\"225\" height=\"300\" src=\"http:\/\/tapissier-decorateur-varces.fr\/wp-content\/uploads\/2025\/12\/IMG_1680-225x300.jpeg\" class=\"attachment-medium size-medium wp-image-37\" alt=\"\" srcset=\"http:\/\/tapissier-decorateur-varces.fr\/wp-content\/uploads\/2025\/12\/IMG_1680-225x300.jpeg 225w, http:\/\/tapissier-decorateur-varces.fr\/wp-content\/uploads\/2025\/12\/IMG_1680.jpeg 480w\" sizes=\"(max-width: 225px) 100vw, 225px\" \/>\t\t\t\t\t\t\t\t\t\t\t\t\t\t\t<\/div>\n\t\t\t\t<div class=\"elementor-element elementor-element-f832836 elementor-widget elementor-widget-image\" data-id=\"f832836\" data-element_type=\"widget\" data-e-type=\"widget\" data-widget_type=\"image.default\">\n\t\t\t\t\t\t\t\t\t\t\t\t\t\t\t<img loading=\"lazy\" decoding=\"async\" width=\"225\" height=\"300\" src=\"http:\/\/tapissier-decorateur-varces.fr\/wp-content\/uploads\/2025\/12\/IMG_3338-1-225x300.jpeg\" class=\"attachment-medium size-medium wp-image-196\" alt=\"\" srcset=\"http:\/\/tapissier-decorateur-varces.fr\/wp-content\/uploads\/2025\/12\/IMG_3338-1-225x300.jpeg 225w, http:\/\/tapissier-decorateur-varces.fr\/wp-content\/uploads\/2025\/12\/IMG_3338-1-768x1024.jpeg 768w, http:\/\/tapissier-decorateur-varces.fr\/wp-content\/uploads\/2025\/12\/IMG_3338-1-1152x1536.jpeg 1152w, http:\/\/tapissier-decorateur-varces.fr\/wp-content\/uploads\/2025\/12\/IMG_3338-1-1536x2048.jpeg 1536w, http:\/\/tapissier-decorateur-varces.fr\/wp-content\/uploads\/2025\/12\/IMG_3338-1-scaled-e1768071100528.jpeg 1906w\" sizes=\"(max-width: 225px) 100vw, 225px\" \/>\t\t\t\t\t\t\t\t\t\t\t\t\t\t\t<\/div>\n\t\t\t\t<div class=\"elementor-element elementor-element-b753b30 elementor-widget elementor-widget-image\" data-id=\"b753b30\" data-element_type=\"widget\" data-e-type=\"widget\" data-widget_type=\"image.default\">\n\t\t\t\t\t\t\t\t\t\t\t\t\t\t\t<img loading=\"lazy\" decoding=\"async\" width=\"213\" height=\"300\" src=\"http:\/\/tapissier-decorateur-varces.fr\/wp-content\/uploads\/2026\/01\/IMG_7576-213x300.jpeg\" class=\"attachment-medium size-medium wp-image-305\" alt=\"\" srcset=\"http:\/\/tapissier-decorateur-varces.fr\/wp-content\/uploads\/2026\/01\/IMG_7576-213x300.jpeg 213w, http:\/\/tapissier-decorateur-varces.fr\/wp-content\/uploads\/2026\/01\/IMG_7576.jpeg 454w\" sizes=\"(max-width: 213px) 100vw, 213px\" \/>\t\t\t\t\t\t\t\t\t\t\t\t\t\t\t<\/div>\n\t\t\t\t<div class=\"elementor-element elementor-element-c9490c7 elementor-widget elementor-widget-image\" data-id=\"c9490c7\" data-element_type=\"widget\" data-e-type=\"widget\" data-widget_type=\"image.default\">\n\t\t\t\t\t\t\t\t\t\t\t\t\t\t\t<img loading=\"lazy\" decoding=\"async\" width=\"225\" height=\"300\" src=\"http:\/\/tapissier-decorateur-varces.fr\/wp-content\/uploads\/2025\/12\/IMG_3059-225x300.jpeg\" class=\"attachment-medium size-medium wp-image-193\" alt=\"\" srcset=\"http:\/\/tapissier-decorateur-varces.fr\/wp-content\/uploads\/2025\/12\/IMG_3059-225x300.jpeg 225w, http:\/\/tapissier-decorateur-varces.fr\/wp-content\/uploads\/2025\/12\/IMG_3059-768x1024.jpeg 768w, http:\/\/tapissier-decorateur-varces.fr\/wp-content\/uploads\/2025\/12\/IMG_3059-1152x1536.jpeg 1152w, http:\/\/tapissier-decorateur-varces.fr\/wp-content\/uploads\/2025\/12\/IMG_3059-1536x2048.jpeg 1536w, http:\/\/tapissier-decorateur-varces.fr\/wp-content\/uploads\/2025\/12\/IMG_3059-scaled.jpeg 1920w\" sizes=\"(max-width: 225px) 100vw, 225px\" \/>\t\t\t\t\t\t\t\t\t\t\t\t\t\t\t<\/div>\n\t\t\t\t<div class=\"elementor-element elementor-element-05fc594 elementor-widget elementor-widget-image\" data-id=\"05fc594\" data-element_type=\"widget\" data-e-type=\"widget\" data-widget_type=\"image.default\">\n\t\t\t\t\t\t\t\t\t\t\t\t\t\t\t<img loading=\"lazy\" decoding=\"async\" width=\"225\" height=\"300\" src=\"http:\/\/tapissier-decorateur-varces.fr\/wp-content\/uploads\/2025\/12\/IMG_5694-225x300.jpeg\" class=\"attachment-medium size-medium wp-image-97\" alt=\"\" srcset=\"http:\/\/tapissier-decorateur-varces.fr\/wp-content\/uploads\/2025\/12\/IMG_5694-225x300.jpeg 225w, http:\/\/tapissier-decorateur-varces.fr\/wp-content\/uploads\/2025\/12\/IMG_5694.jpeg 480w\" sizes=\"(max-width: 225px) 100vw, 225px\" \/>\t\t\t\t\t\t\t\t\t\t\t\t\t\t\t<\/div>\n\t\t\t\t<\/div>\n\t\t<div class=\"elementor-element elementor-element-0ae3509 e-flex e-con-boxed e-con e-parent\" data-id=\"0ae3509\" data-element_type=\"container\" data-e-type=\"container\">\n\t\t\t\t\t<div class=\"e-con-inner\">\n\t\t<div class=\"elementor-element elementor-element-5c65c03 e-con-full e-flex e-con e-child\" data-id=\"5c65c03\" data-element_type=\"container\" data-e-type=\"container\">\n\t\t\t\t<div class=\"elementor-element elementor-element-c4d4e85 elementor-button-info elementor-widget elementor-widget-button\" data-id=\"c4d4e85\" data-element_type=\"widget\" data-e-type=\"widget\" data-widget_type=\"button.default\">\n\t\t\t\t\t\t\t\t\t\t<a class=\"elementor-button elementor-button-link elementor-size-sm\" href=\"#haut\">\n\t\t\t\t\t\t<span class=\"elementor-button-content-wrapper\">\n\t\t\t\t\t\t<span class=\"elementor-button-icon\">\n\t\t\t\t<svg aria-hidden=\"true\" class=\"e-font-icon-svg e-far-arrow-alt-circle-up\" viewBox=\"0 0 512 512\" xmlns=\"http:\/\/www.w3.org\/2000\/svg\"><path d=\"M256 504c137 0 248-111 248-248S393 8 256 8 8 119 8 256s111 248 248 248zm0-448c110.5 0 200 89.5 200 200s-89.5 200-200 200S56 366.5 56 256 145.5 56 256 56zm20 328h-40c-6.6 0-12-5.4-12-12V256h-67c-10.7 0-16-12.9-8.5-20.5l99-99c4.7-4.7 12.3-4.7 17 0l99 99c7.6 7.6 2.2 20.5-8.5 20.5h-67v116c0 6.6-5.4 12-12 12z\"><\/path><\/svg>\t\t\t<\/span>\n\t\t\t\t\t\t\t\t\t<span class=\"elementor-button-text\">Haut de page<\/span>\n\t\t\t\t\t<\/span>\n\t\t\t\t\t<\/a>\n\t\t\t\t\t\t\t\t<\/div>\n\t\t\t\t<\/div>\n\t\t\t\t\t<\/div>\n\t\t\t\t<\/div>\n\t\t\t\t<\/div>\n\t\t","protected":false},"excerpt":{"rendered":"<p>Accueil Tarifs Actu Contact Le fauteuil Voltaire Rien ne prouve que Voltaire en ait jamais poss\u00e9d\u00e9 un &#8230; mais ce fauteuil symbolisait l&rsquo;\u00e9l\u00e9gance et le confort dans les salons o\u00f9 conversaient les Lumi\u00e8res .Au plaisir de vous \u00e9clairer ! Haut de page<\/p>\n","protected":false},"author":1,"featured_media":0,"parent":0,"menu_order":0,"comment_status":"closed","ping_status":"closed","template":"","meta":{"footnotes":""},"class_list":["post-397","page","type-page","status-publish","hentry"],"_links":{"self":[{"href":"http:\/\/tapissier-decorateur-varces.fr\/index.php?rest_route=\/wp\/v2\/pages\/397","targetHints":{"allow":["GET"]}}],"collection":[{"href":"http:\/\/tapissier-decorateur-varces.fr\/index.php?rest_route=\/wp\/v2\/pages"}],"about":[{"href":"http:\/\/tapissier-decorateur-varces.fr\/index.php?rest_route=\/wp\/v2\/types\/page"}],"author":[{"embeddable":true,"href":"http:\/\/tapissier-decorateur-varces.fr\/index.php?rest_route=\/wp\/v2\/users\/1"}],"replies":[{"embeddable":true,"href":"http:\/\/tapissier-decorateur-varces.fr\/index.php?rest_route=%2Fwp%2Fv2%2Fcomments&post=397"}],"version-history":[{"count":212,"href":"http:\/\/tapissier-decorateur-varces.fr\/index.php?rest_route=\/wp\/v2\/pages\/397\/revisions"}],"predecessor-version":[{"id":1483,"href":"http:\/\/tapissier-decorateur-varces.fr\/index.php?rest_route=\/wp\/v2\/pages\/397\/revisions\/1483"}],"wp:attachment":[{"href":"http:\/\/tapissier-decorateur-varces.fr\/index.php?rest_route=%2Fwp%2Fv2%2Fmedia&parent=397"}],"curies":[{"name":"wp","href":"https:\/\/api.w.org\/{rel}","templated":true}]}}