{"id":879,"date":"2026-02-25T16:22:03","date_gmt":"2026-02-25T16:22:03","guid":{"rendered":"http:\/\/tapissier-decorateur-varces.fr\/?page_id=879"},"modified":"2026-03-04T08:15:43","modified_gmt":"2026-03-04T08:15:43","slug":"tarifs-2","status":"publish","type":"page","link":"http:\/\/tapissier-decorateur-varces.fr\/?page_id=879","title":{"rendered":"Tarifs"},"content":{"rendered":"\t\t<div data-elementor-type=\"wp-page\" data-elementor-id=\"879\" class=\"elementor elementor-879\">\n\t\t\t\t<div class=\"elementor-element elementor-element-d0cb489 e-flex e-con-boxed e-con e-parent\" data-id=\"d0cb489\" data-element_type=\"container\" data-e-type=\"container\">\n\t\t\t\t\t<div class=\"e-con-inner\">\n\t\t<div class=\"elementor-element elementor-element-0eacbaa e-con-full e-flex e-con e-child\" data-id=\"0eacbaa\" data-element_type=\"container\" data-e-type=\"container\">\n\t\t\t\t<div class=\"elementor-element elementor-element-3f7ba94 elementor-widget elementor-widget-text-editor\" data-id=\"3f7ba94\" data-element_type=\"widget\" data-e-type=\"widget\" id=\"haut\" data-widget_type=\"text-editor.default\">\n\t\t\t\t\t\t\t\t\t<h4><strong>Tarifs<\/strong><\/h4>\t\t\t\t\t\t\t\t<\/div>\n\t\t\t\t<\/div>\n\t\t\t\t<div class=\"elementor-element elementor-element-0cb0491 elementor-mobile-align-left elementor-absolute elementor-widget elementor-widget-button\" data-id=\"0cb0491\" data-element_type=\"widget\" data-e-type=\"widget\" data-settings=\"{&quot;_position&quot;:&quot;absolute&quot;}\" data-widget_type=\"button.default\">\n\t\t\t\t\t\t\t\t\t\t<a class=\"elementor-button elementor-button-link elementor-size-sm elementor-animation-grow\" href=\"http:\/\/tapissier-decorateur-varces.fr\/?page_id=260\">\n\t\t\t\t\t\t<span class=\"elementor-button-content-wrapper\">\n\t\t\t\t\t\t\t\t\t<span class=\"elementor-button-text\">Accueil<\/span>\n\t\t\t\t\t<\/span>\n\t\t\t\t\t<\/a>\n\t\t\t\t\t\t\t\t<\/div>\n\t\t\t\t<div class=\"elementor-element elementor-element-57c0c3a elementor-widget-mobile__width-initial elementor-absolute elementor-widget elementor-widget-button\" data-id=\"57c0c3a\" data-element_type=\"widget\" data-e-type=\"widget\" data-settings=\"{&quot;_position&quot;:&quot;absolute&quot;}\" data-widget_type=\"button.default\">\n\t\t\t\t\t\t\t\t\t\t<a class=\"elementor-button elementor-button-link elementor-size-sm\" href=\"http:\/\/tapissier-decorateur-varces.fr\/?page_id=319\" rel=\"nofollow\">\n\t\t\t\t\t\t<span class=\"elementor-button-content-wrapper\">\n\t\t\t\t\t\t\t\t\t<span class=\"elementor-button-text\">Boutique<\/span>\n\t\t\t\t\t<\/span>\n\t\t\t\t\t<\/a>\n\t\t\t\t\t\t\t\t<\/div>\n\t\t\t\t<div class=\"elementor-element elementor-element-dedf3bf elementor-mobile-align-center elementor-widget-mobile__width-initial elementor-absolute elementor-button-info elementor-widget elementor-widget-button\" data-id=\"dedf3bf\" data-element_type=\"widget\" data-e-type=\"widget\" data-settings=\"{&quot;_position&quot;:&quot;absolute&quot;}\" data-widget_type=\"button.default\">\n\t\t\t\t\t\t\t\t\t\t<a class=\"elementor-button elementor-button-link elementor-size-sm elementor-animation-grow\" href=\"http:\/\/tapissier-decorateur-varces.fr\/?page_id=1556\">\n\t\t\t\t\t\t<span class=\"elementor-button-content-wrapper\">\n\t\t\t\t\t\t\t\t\t<span class=\"elementor-button-text\">Actu<\/span>\n\t\t\t\t\t<\/span>\n\t\t\t\t\t<\/a>\n\t\t\t\t\t\t\t\t<\/div>\n\t\t\t\t<div class=\"elementor-element elementor-element-d57d511 elementor-mobile-align-center elementor-widget-mobile__width-initial elementor-absolute elementor-button-info elementor-widget__width-auto elementor-widget elementor-widget-button\" data-id=\"d57d511\" data-element_type=\"widget\" data-e-type=\"widget\" data-settings=\"{&quot;_position&quot;:&quot;absolute&quot;}\" data-widget_type=\"button.default\">\n\t\t\t\t\t\t\t\t\t\t<a class=\"elementor-button elementor-button-link elementor-size-sm elementor-animation-grow\" href=\"http:\/\/tapissier-decorateur-varces.fr\/?page_id=1465\">\n\t\t\t\t\t\t<span class=\"elementor-button-content-wrapper\">\n\t\t\t\t\t\t\t\t\t<span class=\"elementor-button-text\">Contact<\/span>\n\t\t\t\t\t<\/span>\n\t\t\t\t\t<\/a>\n\t\t\t\t\t\t\t\t<\/div>\n\t\t\t\t\t<\/div>\n\t\t\t\t<\/div>\n\t\t<div class=\"elementor-element elementor-element-c87fe5c e-con-full e-flex e-con e-parent\" data-id=\"c87fe5c\" data-element_type=\"container\" data-e-type=\"container\">\n\t\t<div class=\"elementor-element elementor-element-d64c4fb e-con-full e-flex e-con e-child\" data-id=\"d64c4fb\" data-element_type=\"container\" data-e-type=\"container\">\n\t\t\t\t<div class=\"elementor-element elementor-element-d7cf130 elementor-widget-mobile__width-inherit elementor-widget elementor-widget-text-editor\" data-id=\"d7cf130\" data-element_type=\"widget\" data-e-type=\"widget\" data-widget_type=\"text-editor.default\">\n\t\t\t\t\t\t\t\t\t<h6><b>Chaque fauteuil est particuli<\/b>er &#8230; <b>mais la m\u00e9thodologie reste la m\u00eame &#8230;<\/b><\/h6>\t\t\t\t\t\t\t\t<\/div>\n\t\t\t\t<\/div>\n\t\t\t\t<div class=\"elementor-element elementor-element-55531a1 elementor-widget-mobile__width-inherit elementor-widget elementor-widget-text-editor\" data-id=\"55531a1\" data-element_type=\"widget\" data-e-type=\"widget\" data-widget_type=\"text-editor.default\">\n\t\t\t\t\t\t\t\t\t<ul><li><h6>Premier contact avec vous , t\u00e9l\u00e9phone, messagerie , photos<\/h6><\/li><li><h6><a href=\"http:\/\/tapissier-decorateur-varces.fr\/?page_id=319\">Prise de rendez-vous<\/a> afin\u00a0<span style=\"font-weight: bolder;\">d\u2019\u00e9changer sur votre projet ,\u00a0<\/span>valider les hypoth\u00e8ses de travail, d\u00e9finir votre besoin\u00a0<\/h6><\/li><li><h6><strong>\u00a0Envoi d&rsquo;un devis personnalis\u00e9 r\u00e9pondant au mieux \u00e0 vos attentes<br \/><\/strong><\/h6><\/li><li><h6>Validation du devis par vos soins, choix du tissu\/clous\/galon ..<\/h6><\/li><\/ul>\t\t\t\t\t\t\t\t<\/div>\n\t\t\t\t<\/div>\n\t\t<div class=\"elementor-element elementor-element-bec3d60 e-con-full e-flex e-con e-parent\" data-id=\"bec3d60\" data-element_type=\"container\" data-e-type=\"container\">\n\t\t<div class=\"elementor-element elementor-element-05b88b2 e-con-full e-flex e-con e-child\" data-id=\"05b88b2\" data-element_type=\"container\" data-e-type=\"container\">\n\t\t\t\t<div class=\"elementor-element elementor-element-5663ba5 elementor-widget elementor-widget-text-editor\" data-id=\"5663ba5\" data-element_type=\"widget\" data-e-type=\"widget\" data-widget_type=\"text-editor.default\">\n\t\t\t\t\t\t\t\t\t<h5>Ces tarifs indicatifs ne comprennent ni les tissus , ni les clous , ni les passepoils.<\/h5><h6>Une finition clout\u00e9e, la r\u00e9paration de la structure ou sa mise en peinture seront \u00e0 \u00e9valuer en sus le cas \u00e9ch\u00e9ant.<\/h6>\t\t\t\t\t\t\t\t<\/div>\n\t\t\t\t<\/div>\n\t\t<div class=\"elementor-element elementor-element-a11bf68 e-grid e-con-full e-con e-child\" data-id=\"a11bf68\" data-element_type=\"container\" data-e-type=\"container\">\n\t\t\t\t<div class=\"elementor-element elementor-element-f437a2a animated-slow elementor-invisible elementor-widget elementor-widget-text-editor\" data-id=\"f437a2a\" data-element_type=\"widget\" data-e-type=\"widget\" data-settings=\"{&quot;_animation&quot;:&quot;bounceIn&quot;,&quot;_animation_delay&quot;:500}\" data-widget_type=\"text-editor.default\">\n\t\t\t\t\t\t\t\t\t<h6><strong>Quelle r\u00e9novation ?<\/strong><\/h6>\t\t\t\t\t\t\t\t<\/div>\n\t\t\t\t<div class=\"elementor-element elementor-element-b451ccc animated-slow elementor-invisible elementor-widget elementor-widget-text-editor\" data-id=\"b451ccc\" data-element_type=\"widget\" data-e-type=\"widget\" data-settings=\"{&quot;_animation&quot;:&quot;bounceIn&quot;,&quot;_animation_delay&quot;:500}\" data-widget_type=\"text-editor.default\">\n\t\t\t\t\t\t\t\t\t<h6>Couverture<\/h6>\t\t\t\t\t\t\t\t<\/div>\n\t\t\t\t<div class=\"elementor-element elementor-element-c63a51c animated-slow elementor-invisible elementor-widget elementor-widget-text-editor\" data-id=\"c63a51c\" data-element_type=\"widget\" data-e-type=\"widget\" data-settings=\"{&quot;_animation&quot;:&quot;bounceIn&quot;,&quot;_animation_delay&quot;:500}\" data-widget_type=\"text-editor.default\">\n\t\t\t\t\t\t\t\t\t<h6>Partielle<\/h6>\t\t\t\t\t\t\t\t<\/div>\n\t\t\t\t<div class=\"elementor-element elementor-element-e1dbb38 animated-slow elementor-invisible elementor-widget elementor-widget-text-editor\" data-id=\"e1dbb38\" data-element_type=\"widget\" data-e-type=\"widget\" data-settings=\"{&quot;_animation&quot;:&quot;bounceIn&quot;,&quot;_animation_delay&quot;:500}\" data-widget_type=\"text-editor.default\">\n\t\t\t\t\t\t\t\t\t<h6>Compl\u00e8te<\/h6>\t\t\t\t\t\t\t\t<\/div>\n\t\t\t\t<div class=\"elementor-element elementor-element-6b43864 elementor-drop-cap-yes elementor-drop-cap-view-default elementor-widget elementor-widget-text-editor\" data-id=\"6b43864\" data-element_type=\"widget\" data-e-type=\"widget\" data-settings=\"{&quot;drop_cap&quot;:&quot;yes&quot;}\" data-widget_type=\"text-editor.default\">\n\t\t\t\t\t\t\t\t\t<h6><strong>Chaise<\/strong><\/h6>\t\t\t\t\t\t\t\t<\/div>\n\t\t\t\t<div class=\"elementor-element elementor-element-a7ae033 elementor-widget elementor-widget-text-editor\" data-id=\"a7ae033\" data-element_type=\"widget\" data-e-type=\"widget\" data-widget_type=\"text-editor.default\">\n\t\t\t\t\t\t\t\t\t<p>60<\/p>\t\t\t\t\t\t\t\t<\/div>\n\t\t\t\t<div class=\"elementor-element elementor-element-8aafc3c elementor-widget elementor-widget-text-editor\" data-id=\"8aafc3c\" data-element_type=\"widget\" data-e-type=\"widget\" data-widget_type=\"text-editor.default\">\n\t\t\t\t\t\t\t\t\t<h6>80<\/h6>\t\t\t\t\t\t\t\t<\/div>\n\t\t\t\t<div class=\"elementor-element elementor-element-18bc08f elementor-widget elementor-widget-text-editor\" data-id=\"18bc08f\" data-element_type=\"widget\" data-e-type=\"widget\" data-widget_type=\"text-editor.default\">\n\t\t\t\t\t\t\t\t\t<h6>90<\/h6>\t\t\t\t\t\t\t\t<\/div>\n\t\t\t\t<div class=\"elementor-element elementor-element-f0036be elementor-widget elementor-widget-text-editor\" data-id=\"f0036be\" data-element_type=\"widget\" data-e-type=\"widget\" data-widget_type=\"text-editor.default\">\n\t\t\t\t\t\t\t\t\t<h6>Chaise avec dossier<\/h6>\t\t\t\t\t\t\t\t<\/div>\n\t\t\t\t<div class=\"elementor-element elementor-element-8fc3fe8 elementor-widget elementor-widget-text-editor\" data-id=\"8fc3fe8\" data-element_type=\"widget\" data-e-type=\"widget\" data-widget_type=\"text-editor.default\">\n\t\t\t\t\t\t\t\t\t<h6>120<\/h6>\t\t\t\t\t\t\t\t<\/div>\n\t\t\t\t<div class=\"elementor-element elementor-element-d24287d elementor-widget elementor-widget-text-editor\" data-id=\"d24287d\" data-element_type=\"widget\" data-e-type=\"widget\" data-widget_type=\"text-editor.default\">\n\t\t\t\t\t\t\t\t\t<h6>150<\/h6>\t\t\t\t\t\t\t\t<\/div>\n\t\t\t\t<div class=\"elementor-element elementor-element-01be4d7 elementor-widget elementor-widget-text-editor\" data-id=\"01be4d7\" data-element_type=\"widget\" data-e-type=\"widget\" data-widget_type=\"text-editor.default\">\n\t\t\t\t\t\t\t\t\t<h6>180<\/h6>\t\t\t\t\t\t\t\t<\/div>\n\t\t\t\t<div class=\"elementor-element elementor-element-8a568fd elementor-widget elementor-widget-text-editor\" data-id=\"8a568fd\" data-element_type=\"widget\" data-e-type=\"widget\" data-widget_type=\"text-editor.default\">\n\t\t\t\t\t\t\t\t\t<h6>Bridge<\/h6>\t\t\t\t\t\t\t\t<\/div>\n\t\t\t\t<div class=\"elementor-element elementor-element-08421d7 elementor-widget elementor-widget-text-editor\" data-id=\"08421d7\" data-element_type=\"widget\" data-e-type=\"widget\" data-widget_type=\"text-editor.default\">\n\t\t\t\t\t\t\t\t\t<h6>210<\/h6>\t\t\t\t\t\t\t\t<\/div>\n\t\t\t\t<div class=\"elementor-element elementor-element-381d868 elementor-widget elementor-widget-text-editor\" data-id=\"381d868\" data-element_type=\"widget\" data-e-type=\"widget\" data-widget_type=\"text-editor.default\">\n\t\t\t\t\t\t\t\t\t<h6>250<\/h6>\t\t\t\t\t\t\t\t<\/div>\n\t\t\t\t<div class=\"elementor-element elementor-element-1dc53bd elementor-widget elementor-widget-text-editor\" data-id=\"1dc53bd\" data-element_type=\"widget\" data-e-type=\"widget\" data-widget_type=\"text-editor.default\">\n\t\t\t\t\t\t\t\t\t<h6>290<\/h6>\t\t\t\t\t\t\t\t<\/div>\n\t\t\t\t<div class=\"elementor-element elementor-element-07ec55c elementor-widget elementor-widget-text-editor\" data-id=\"07ec55c\" data-element_type=\"widget\" data-e-type=\"widget\" data-widget_type=\"text-editor.default\">\n\t\t\t\t\t\t\t\t\t<h6>Voltaire<\/h6>\t\t\t\t\t\t\t\t<\/div>\n\t\t\t\t<div class=\"elementor-element elementor-element-21f960a elementor-widget elementor-widget-text-editor\" data-id=\"21f960a\" data-element_type=\"widget\" data-e-type=\"widget\" data-widget_type=\"text-editor.default\">\n\t\t\t\t\t\t\t\t\t<h6>450<\/h6>\t\t\t\t\t\t\t\t<\/div>\n\t\t\t\t<div class=\"elementor-element elementor-element-81ebe99 elementor-widget elementor-widget-text-editor\" data-id=\"81ebe99\" data-element_type=\"widget\" data-e-type=\"widget\" data-widget_type=\"text-editor.default\">\n\t\t\t\t\t\t\t\t\t<h6>550<\/h6>\t\t\t\t\t\t\t\t<\/div>\n\t\t\t\t<div class=\"elementor-element elementor-element-b8a8829 elementor-widget elementor-widget-text-editor\" data-id=\"b8a8829\" data-element_type=\"widget\" data-e-type=\"widget\" data-widget_type=\"text-editor.default\">\n\t\t\t\t\t\t\t\t\t<h6>650<\/h6>\t\t\t\t\t\t\t\t<\/div>\n\t\t\t\t<div class=\"elementor-element elementor-element-dc819ed elementor-widget elementor-widget-text-editor\" data-id=\"dc819ed\" data-element_type=\"widget\" data-e-type=\"widget\" data-widget_type=\"text-editor.default\">\n\t\t\t\t\t\t\t\t\t<h6>Cabriolet<\/h6>\t\t\t\t\t\t\t\t<\/div>\n\t\t\t\t<div class=\"elementor-element elementor-element-b1d7ca6 elementor-widget elementor-widget-text-editor\" data-id=\"b1d7ca6\" data-element_type=\"widget\" data-e-type=\"widget\" data-widget_type=\"text-editor.default\">\n\t\t\t\t\t\t\t\t\t<h6>280<\/h6>\t\t\t\t\t\t\t\t<\/div>\n\t\t\t\t<div class=\"elementor-element elementor-element-2ab0ea7 elementor-widget elementor-widget-text-editor\" data-id=\"2ab0ea7\" data-element_type=\"widget\" data-e-type=\"widget\" data-widget_type=\"text-editor.default\">\n\t\t\t\t\t\t\t\t\t<h6>375<\/h6>\t\t\t\t\t\t\t\t<\/div>\n\t\t\t\t<div class=\"elementor-element elementor-element-406b77f elementor-widget elementor-widget-text-editor\" data-id=\"406b77f\" data-element_type=\"widget\" data-e-type=\"widget\" data-widget_type=\"text-editor.default\">\n\t\t\t\t\t\t\t\t\t<h6>450<\/h6>\t\t\t\t\t\t\t\t<\/div>\n\t\t\t\t<div class=\"elementor-element elementor-element-82a2162 elementor-widget elementor-widget-text-editor\" data-id=\"82a2162\" data-element_type=\"widget\" data-e-type=\"widget\" data-widget_type=\"text-editor.default\">\n\t\t\t\t\t\t\t\t\t<h6>Crapaud<\/h6>\t\t\t\t\t\t\t\t<\/div>\n\t\t\t\t<div class=\"elementor-element elementor-element-fe09582 elementor-widget elementor-widget-text-editor\" data-id=\"fe09582\" data-element_type=\"widget\" data-e-type=\"widget\" data-widget_type=\"text-editor.default\">\n\t\t\t\t\t\t\t\t\t<h6>600<\/h6>\t\t\t\t\t\t\t\t<\/div>\n\t\t\t\t<div class=\"elementor-element elementor-element-879e083 elementor-widget elementor-widget-text-editor\" data-id=\"879e083\" data-element_type=\"widget\" data-e-type=\"widget\" data-widget_type=\"text-editor.default\">\n\t\t\t\t\t\t\t\t\t<h6>750<\/h6>\t\t\t\t\t\t\t\t<\/div>\n\t\t\t\t<div class=\"elementor-element elementor-element-e59f014 elementor-widget elementor-widget-text-editor\" data-id=\"e59f014\" data-element_type=\"widget\" data-e-type=\"widget\" data-widget_type=\"text-editor.default\">\n\t\t\t\t\t\t\t\t\t<h6>900<\/h6>\t\t\t\t\t\t\t\t<\/div>\n\t\t\t\t<\/div>\n\t\t<div class=\"elementor-element elementor-element-694efa1 e-con-full e-flex e-con e-child\" data-id=\"694efa1\" data-element_type=\"container\" data-e-type=\"container\">\n\t\t\t\t<div class=\"elementor-element elementor-element-8476840 elementor-widget elementor-widget-text-editor\" data-id=\"8476840\" data-element_type=\"widget\" data-e-type=\"widget\" data-widget_type=\"text-editor.default\">\n\t\t\t\t\t\t\t\t\t<h6>Bien s\u00fbr, je me ferai un plaisir de vous accompagner dans le choix des tissus et autres ingr\u00e9dients ..<br \/>Parmi les nombreuses maisons avec lesquelles je travaille , vous trouverez certainement votre bonheur&#8230;<\/h6>\t\t\t\t\t\t\t\t<\/div>\n\t\t<div class=\"elementor-element elementor-element-bc92fa6 e-con-full e-flex e-con e-child\" data-id=\"bc92fa6\" data-element_type=\"container\" data-e-type=\"container\">\n\t\t\t\t<div class=\"elementor-element elementor-element-fd486b4 elementor-widget elementor-widget-text-editor\" data-id=\"fd486b4\" data-element_type=\"widget\" data-e-type=\"widget\" data-widget_type=\"text-editor.default\">\n\t\t\t\t\t\t\t\t\t<h6>N&rsquo;h\u00e9sitez pas \u00e0 visiter leur site en suivant ces liens &#8230;pour le plaisir des yeux<br \/><br \/><a href=\"http:\/\/artapisserie.fr\">Artapisserie<\/a><br \/><a href=\"https:\/\/www.casal.fr\/?lang=fr\"><strong>Casal<\/strong><\/a><br \/><a href=\"https:\/\/www.casamance.com\/fr\/\"><strong>Casamance<\/strong><\/a><br \/><a href=\"https:\/\/uat-clarke-clarke.sandersondesigngroup.com\/search\/fabric?q=fabric\"><strong>Clarke&amp;Clarke<\/strong><\/a><br \/><a href=\"https:\/\/www.etoffe.com\/\"><strong>etoffe.com<\/strong><\/a><br \/><a href=\"https:\/\/www.houles.com\/FR-fr\">Houl\u00e8s<\/a><br \/><a href=\"https:\/\/www.laliedesign.com\/\"><strong>Lalie Design<\/strong><\/a><br \/><a href=\"https:\/\/www.sanderson.design\/\"><strong>Sanderson<\/strong><\/a><br \/><a href=\"https:\/\/www.thevenon1908.com\/\"><strong>Th\u00e9venon<\/strong><\/a><br \/>et plus encore&#8230;<\/h6>\t\t\t\t\t\t\t\t<\/div>\n\t\t\t\t<\/div>\n\t\t<div class=\"elementor-element elementor-element-b312a8f e-con-full e-flex e-con e-child\" data-id=\"b312a8f\" data-element_type=\"container\" data-e-type=\"container\">\n\t\t\t\t<div class=\"elementor-element elementor-element-c29e899 elementor-widget elementor-widget-button\" data-id=\"c29e899\" data-element_type=\"widget\" data-e-type=\"widget\" data-widget_type=\"button.default\">\n\t\t\t\t\t\t\t\t\t\t<a class=\"elementor-button elementor-button-link elementor-size-sm\" href=\"#haut\">\n\t\t\t\t\t\t<span class=\"elementor-button-content-wrapper\">\n\t\t\t\t\t\t\t\t\t<span class=\"elementor-button-text\">Haut de page<\/span>\n\t\t\t\t\t<\/span>\n\t\t\t\t\t<\/a>\n\t\t\t\t\t\t\t\t<\/div>\n\t\t\t\t<\/div>\n\t\t\t\t<\/div>\n\t\t\t\t<\/div>\n\t\t\t\t<\/div>\n\t\t","protected":false},"excerpt":{"rendered":"<p>Tarifs Accueil Boutique Actu Contact Chaque fauteuil est particulier &#8230; mais la m\u00e9thodologie reste la m\u00eame &#8230; Premier contact avec vous , t\u00e9l\u00e9phone, messagerie , photos Prise de rendez-vous afin\u00a0d\u2019\u00e9changer sur votre projet ,\u00a0valider les hypoth\u00e8ses de travail, d\u00e9finir votre besoin\u00a0 \u00a0Envoi d&rsquo;un devis personnalis\u00e9 r\u00e9pondant au mieux \u00e0 vos attentes Validation du devis par [&hellip;]<\/p>\n","protected":false},"author":1,"featured_media":0,"parent":0,"menu_order":0,"comment_status":"closed","ping_status":"closed","template":"","meta":{"footnotes":""},"class_list":["post-879","page","type-page","status-publish","hentry"],"_links":{"self":[{"href":"http:\/\/tapissier-decorateur-varces.fr\/index.php?rest_route=\/wp\/v2\/pages\/879","targetHints":{"allow":["GET"]}}],"collection":[{"href":"http:\/\/tapissier-decorateur-varces.fr\/index.php?rest_route=\/wp\/v2\/pages"}],"about":[{"href":"http:\/\/tapissier-decorateur-varces.fr\/index.php?rest_route=\/wp\/v2\/types\/page"}],"author":[{"embeddable":true,"href":"http:\/\/tapissier-decorateur-varces.fr\/index.php?rest_route=\/wp\/v2\/users\/1"}],"replies":[{"embeddable":true,"href":"http:\/\/tapissier-decorateur-varces.fr\/index.php?rest_route=%2Fwp%2Fv2%2Fcomments&post=879"}],"version-history":[{"count":172,"href":"http:\/\/tapissier-decorateur-varces.fr\/index.php?rest_route=\/wp\/v2\/pages\/879\/revisions"}],"predecessor-version":[{"id":1686,"href":"http:\/\/tapissier-decorateur-varces.fr\/index.php?rest_route=\/wp\/v2\/pages\/879\/revisions\/1686"}],"wp:attachment":[{"href":"http:\/\/tapissier-decorateur-varces.fr\/index.php?rest_route=%2Fwp%2Fv2%2Fmedia&parent=879"}],"curies":[{"name":"wp","href":"https:\/\/api.w.org\/{rel}","templated":true}]}}